{"id":2,"date":"2022-06-20T17:01:46","date_gmt":"2022-06-20T17:01:46","guid":{"rendered":"https:\/\/antho-mode.fr\/httspdocs\/?page_id=2"},"modified":"2023-12-18T16:21:04","modified_gmt":"2023-12-18T16:21:04","slug":"sample-page","status":"publish","type":"page","link":"https:\/\/antho-mode.fr\/","title":{"rendered":"Accueil"},"content":{"rendered":"\t\t<div data-elementor-type=\"wp-page\" data-elementor-id=\"2\" class=\"elementor elementor-2\">\n\t\t\t\t\t\t\t\t\t<section class=\"elementor-section elementor-top-section elementor-element elementor-element-57e7a43 elementor-section-full_width elementor-section-height-default elementor-section-height-default\" data-id=\"57e7a43\" data-element_type=\"section\">\n\t\t\t\t\t\t<div class=\"elementor-container elementor-column-gap-no\">\n\t\t\t\t\t<div class=\"elementor-column elementor-col-25 elementor-top-column elementor-element elementor-element-bdc35bd\" data-id=\"bdc35bd\" data-element_type=\"column\" data-settings=\"{&quot;background_background&quot;:&quot;classic&quot;}\">\n\t\t\t<div class=\"elementor-widget-wrap elementor-element-populated\">\n\t\t\t\t\t\t\t\t<div class=\"elementor-element elementor-element-3bda23c elementor-widget elementor-widget-text-editor\" data-id=\"3bda23c\" data-element_type=\"widget\" data-widget_type=\"text-editor.default\">\n\t\t\t\t<div class=\"elementor-widget-container\">\n\t\t\t<style>\/*! elementor - v3.14.0 - 26-06-2023 *\/\n.elementor-widget-text-editor.elementor-drop-cap-view-stacked .elementor-drop-cap{background-color:#69727d;color:#fff}.elementor-widget-text-editor.elementor-drop-cap-view-framed .elementor-drop-cap{color:#69727d;border:3px solid;background-color:transparent}.elementor-widget-text-editor:not(.elementor-drop-cap-view-default) .elementor-drop-cap{margin-top:8px}.elementor-widget-text-editor:not(.elementor-drop-cap-view-default) .elementor-drop-cap-letter{width:1em;height:1em}.elementor-widget-text-editor .elementor-drop-cap{float:left;text-align:center;line-height:1;font-size:50px}.elementor-widget-text-editor .elementor-drop-cap-letter{display:inline-block}<\/style>\t\t\t\t<p>Ma\u00eetrisez vos co\u00fbts de production avec des v\u00eatements confectionn\u00e9s \u00e0 Marseille et \u00ab\u00a0teints en plong\u00e9e\u00a0\u00bb<\/p>\t\t\t\t\t\t<\/div>\n\t\t\t\t<\/div>\n\t\t\t\t<div class=\"elementor-element elementor-element-89ee847 animated-slow elementor-invisible elementor-widget elementor-widget-heading\" data-id=\"89ee847\" data-element_type=\"widget\" data-settings=\"{&quot;_animation&quot;:&quot;slideInLeft&quot;}\" data-widget_type=\"heading.default\">\n\t\t\t\t<div class=\"elementor-widget-container\">\n\t\t\t<style>\/*! elementor - v3.14.0 - 26-06-2023 *\/\n.elementor-heading-title{padding:0;margin:0;line-height:1}.elementor-widget-heading .elementor-heading-title[class*=elementor-size-]>a{color:inherit;font-size:inherit;line-height:inherit}.elementor-widget-heading .elementor-heading-title.elementor-size-small{font-size:15px}.elementor-widget-heading .elementor-heading-title.elementor-size-medium{font-size:19px}.elementor-widget-heading .elementor-heading-title.elementor-size-large{font-size:29px}.elementor-widget-heading .elementor-heading-title.elementor-size-xl{font-size:39px}.elementor-widget-heading .elementor-heading-title.elementor-size-xxl{font-size:59px}<\/style><h1 class=\"elementor-heading-title elementor-size-default\">coming<\/h1>\t\t<\/div>\n\t\t\t\t<\/div>\n\t\t\t\t\t<\/div>\n\t\t<\/div>\n\t\t\t\t<div class=\"elementor-column elementor-col-25 elementor-top-column elementor-element elementor-element-70ac4fa\" data-id=\"70ac4fa\" data-element_type=\"column\" data-settings=\"{&quot;background_background&quot;:&quot;classic&quot;}\">\n\t\t\t<div class=\"elementor-widget-wrap elementor-element-populated\">\n\t\t\t\t\t\t\t\t<div class=\"elementor-element elementor-element-256e6a7 elementor-invisible elementor-widget elementor-widget-image\" data-id=\"256e6a7\" data-element_type=\"widget\" data-settings=\"{&quot;_animation&quot;:&quot;fadeIn&quot;,&quot;_animation_delay&quot;:&quot;200&quot;}\" data-widget_type=\"image.default\">\n\t\t\t\t<div class=\"elementor-widget-container\">\n\t\t\t<style>\/*! elementor - v3.14.0 - 26-06-2023 *\/\n.elementor-widget-image{text-align:center}.elementor-widget-image a{display:inline-block}.elementor-widget-image a img[src$=\".svg\"]{width:48px}.elementor-widget-image img{vertical-align:middle;display:inline-block}<\/style>\t\t\t\t\t\t\t\t\t\t\t\t<img loading=\"lazy\" decoding=\"async\" width=\"1039\" height=\"1961\" src=\"https:\/\/antho-mode.fr\/wp-content\/uploads\/2022\/06\/pantalon-pat-vert-40-face-4.jpeg\" class=\"attachment-full size-full wp-image-27\" alt=\"\" srcset=\"https:\/\/antho-mode.fr\/wp-content\/uploads\/2022\/06\/pantalon-pat-vert-40-face-4.jpeg 1039w, https:\/\/antho-mode.fr\/wp-content\/uploads\/2022\/06\/pantalon-pat-vert-40-face-4-159x300.jpeg 159w, https:\/\/antho-mode.fr\/wp-content\/uploads\/2022\/06\/pantalon-pat-vert-40-face-4-543x1024.jpeg 543w, https:\/\/antho-mode.fr\/wp-content\/uploads\/2022\/06\/pantalon-pat-vert-40-face-4-768x1450.jpeg 768w, https:\/\/antho-mode.fr\/wp-content\/uploads\/2022\/06\/pantalon-pat-vert-40-face-4-814x1536.jpeg 814w\" sizes=\"auto, (max-width: 1039px) 100vw, 1039px\" \/>\t\t\t\t\t\t\t\t\t\t\t\t\t\t\t<\/div>\n\t\t\t\t<\/div>\n\t\t\t\t\t<\/div>\n\t\t<\/div>\n\t\t\t\t<div class=\"elementor-column elementor-col-25 elementor-top-column elementor-element elementor-element-0e2ab60\" data-id=\"0e2ab60\" data-element_type=\"column\" data-settings=\"{&quot;background_background&quot;:&quot;classic&quot;}\">\n\t\t\t<div class=\"elementor-widget-wrap\">\n\t\t\t\t\t\t\t\t\t<\/div>\n\t\t<\/div>\n\t\t\t\t<div class=\"elementor-column elementor-col-25 elementor-top-column elementor-element elementor-element-afa7286\" data-id=\"afa7286\" data-element_type=\"column\" data-settings=\"{&quot;background_background&quot;:&quot;classic&quot;}\">\n\t\t\t<div class=\"elementor-widget-wrap elementor-element-populated\">\n\t\t\t\t\t\t\t\t<div class=\"elementor-element elementor-element-9b6d63c elementor-invisible elementor-widget elementor-widget-image\" data-id=\"9b6d63c\" data-element_type=\"widget\" data-settings=\"{&quot;_animation&quot;:&quot;fadeIn&quot;,&quot;_animation_delay&quot;:&quot;500&quot;}\" data-widget_type=\"image.default\">\n\t\t\t\t<div class=\"elementor-widget-container\">\n\t\t\t\t\t\t\t\t\t\t\t\t\t\t\t<img loading=\"lazy\" decoding=\"async\" width=\"574\" height=\"1024\" src=\"https:\/\/antho-mode.fr\/wp-content\/uploads\/2022\/06\/pantalon-pat-bleu-40-face-574x1024.jpeg\" class=\"attachment-large size-large wp-image-40\" alt=\"\" srcset=\"https:\/\/antho-mode.fr\/wp-content\/uploads\/2022\/06\/pantalon-pat-bleu-40-face-574x1024.jpeg 574w, https:\/\/antho-mode.fr\/wp-content\/uploads\/2022\/06\/pantalon-pat-bleu-40-face-168x300.jpeg 168w, https:\/\/antho-mode.fr\/wp-content\/uploads\/2022\/06\/pantalon-pat-bleu-40-face-768x1370.jpeg 768w, https:\/\/antho-mode.fr\/wp-content\/uploads\/2022\/06\/pantalon-pat-bleu-40-face-861x1536.jpeg 861w, https:\/\/antho-mode.fr\/wp-content\/uploads\/2022\/06\/pantalon-pat-bleu-40-face.jpeg 1099w\" sizes=\"auto, (max-width: 574px) 100vw, 574px\" \/>\t\t\t\t\t\t\t\t\t\t\t\t\t\t\t<\/div>\n\t\t\t\t<\/div>\n\t\t\t\t\t<\/div>\n\t\t<\/div>\n\t\t\t\t\t\t\t<\/div>\n\t\t<\/section>\n\t\t\t\t<section class=\"elementor-section elementor-top-section elementor-element elementor-element-7e07619 elementor-section-full_width elementor-section-height-default elementor-section-height-default\" data-id=\"7e07619\" data-element_type=\"section\">\n\t\t\t\t\t\t<div class=\"elementor-container elementor-column-gap-no\">\n\t\t\t\t\t<div class=\"elementor-column elementor-col-25 elementor-top-column elementor-element elementor-element-21c5bfb\" data-id=\"21c5bfb\" data-element_type=\"column\" data-settings=\"{&quot;background_background&quot;:&quot;classic&quot;}\">\n\t\t\t<div class=\"elementor-widget-wrap elementor-element-populated\">\n\t\t\t\t\t\t\t\t<div class=\"elementor-element elementor-element-6c2ae38 animated-slow elementor-invisible elementor-widget elementor-widget-image\" data-id=\"6c2ae38\" data-element_type=\"widget\" data-settings=\"{&quot;_animation&quot;:&quot;fadeInUp&quot;,&quot;_animation_delay&quot;:&quot;700&quot;}\" data-widget_type=\"image.default\">\n\t\t\t\t<div class=\"elementor-widget-container\">\n\t\t\t\t\t\t\t\t\t\t\t\t\t\t\t<img loading=\"lazy\" decoding=\"async\" width=\"800\" height=\"534\" src=\"https:\/\/antho-mode.fr\/wp-content\/uploads\/2022\/06\/pantalon-pat-bleu-40-poche-dos-1024x683.jpeg\" class=\"attachment-large size-large wp-image-25\" alt=\"\" srcset=\"https:\/\/antho-mode.fr\/wp-content\/uploads\/2022\/06\/pantalon-pat-bleu-40-poche-dos-1024x683.jpeg 1024w, https:\/\/antho-mode.fr\/wp-content\/uploads\/2022\/06\/pantalon-pat-bleu-40-poche-dos-300x200.jpeg 300w, https:\/\/antho-mode.fr\/wp-content\/uploads\/2022\/06\/pantalon-pat-bleu-40-poche-dos-768x512.jpeg 768w, https:\/\/antho-mode.fr\/wp-content\/uploads\/2022\/06\/pantalon-pat-bleu-40-poche-dos-1536x1024.jpeg 1536w, https:\/\/antho-mode.fr\/wp-content\/uploads\/2022\/06\/pantalon-pat-bleu-40-poche-dos.jpeg 1968w\" sizes=\"auto, (max-width: 800px) 100vw, 800px\" \/>\t\t\t\t\t\t\t\t\t\t\t\t\t\t\t<\/div>\n\t\t\t\t<\/div>\n\t\t\t\t<div class=\"elementor-element elementor-element-935f367 animated-slow elementor-invisible elementor-widget elementor-widget-heading\" data-id=\"935f367\" data-element_type=\"widget\" data-settings=\"{&quot;_animation&quot;:&quot;slideInRight&quot;}\" data-widget_type=\"heading.default\">\n\t\t\t\t<div class=\"elementor-widget-container\">\n\t\t\t<h1 class=\"elementor-heading-title elementor-size-default\">soon<\/h1>\t\t<\/div>\n\t\t\t\t<\/div>\n\t\t\t\t\t<\/div>\n\t\t<\/div>\n\t\t\t\t<div class=\"elementor-column elementor-col-25 elementor-top-column elementor-element elementor-element-6356027\" data-id=\"6356027\" data-element_type=\"column\" data-settings=\"{&quot;background_background&quot;:&quot;classic&quot;}\">\n\t\t\t<div class=\"elementor-widget-wrap\">\n\t\t\t\t\t\t\t\t\t<\/div>\n\t\t<\/div>\n\t\t\t\t<div class=\"elementor-column elementor-col-25 elementor-top-column elementor-element elementor-element-12d6043\" data-id=\"12d6043\" data-element_type=\"column\" data-settings=\"{&quot;background_background&quot;:&quot;classic&quot;}\">\n\t\t\t<div class=\"elementor-widget-wrap elementor-element-populated\">\n\t\t\t\t\t\t\t\t<div class=\"elementor-element elementor-element-7077500 animated-fast elementor-invisible elementor-widget elementor-widget-image\" data-id=\"7077500\" data-element_type=\"widget\" data-settings=\"{&quot;_animation&quot;:&quot;fadeIn&quot;,&quot;_animation_delay&quot;:&quot;200&quot;}\" data-widget_type=\"image.default\">\n\t\t\t\t<div class=\"elementor-widget-container\">\n\t\t\t\t\t\t\t\t\t\t\t\t\t\t\t<img loading=\"lazy\" decoding=\"async\" width=\"548\" height=\"1024\" src=\"https:\/\/antho-mode.fr\/wp-content\/uploads\/2022\/06\/pantalon-pat-rouge-40-dos-548x1024.jpeg\" class=\"attachment-large size-large wp-image-28\" alt=\"\" srcset=\"https:\/\/antho-mode.fr\/wp-content\/uploads\/2022\/06\/pantalon-pat-rouge-40-dos-548x1024.jpeg 548w, https:\/\/antho-mode.fr\/wp-content\/uploads\/2022\/06\/pantalon-pat-rouge-40-dos-161x300.jpeg 161w, https:\/\/antho-mode.fr\/wp-content\/uploads\/2022\/06\/pantalon-pat-rouge-40-dos-768x1434.jpeg 768w, https:\/\/antho-mode.fr\/wp-content\/uploads\/2022\/06\/pantalon-pat-rouge-40-dos-822x1536.jpeg 822w, https:\/\/antho-mode.fr\/wp-content\/uploads\/2022\/06\/pantalon-pat-rouge-40-dos.jpeg 1050w\" sizes=\"auto, (max-width: 548px) 100vw, 548px\" \/>\t\t\t\t\t\t\t\t\t\t\t\t\t\t\t<\/div>\n\t\t\t\t<\/div>\n\t\t\t\t\t<\/div>\n\t\t<\/div>\n\t\t\t\t<div class=\"elementor-column elementor-col-25 elementor-top-column elementor-element elementor-element-45720f1\" data-id=\"45720f1\" data-element_type=\"column\" data-settings=\"{&quot;background_background&quot;:&quot;classic&quot;}\">\n\t\t\t<div class=\"elementor-widget-wrap elementor-element-populated\">\n\t\t\t\t\t\t\t\t<div class=\"elementor-element elementor-element-5c91572 elementor-widget elementor-widget-text-editor\" data-id=\"5c91572\" data-element_type=\"widget\" data-widget_type=\"text-editor.default\">\n\t\t\t\t<div class=\"elementor-widget-container\">\n\t\t\t\t\t\t\t<p>Nous travaillons \u00e0 la construction du site ANTHO, fabricant de v\u00eatements en coton pr\u00eat-\u00e0-teindre<\/p><p><b>N&rsquo;h\u00e9sitez pas \u00e0 nous contacter au <\/b><\/p><p><b>04 91 42 07 88<br \/><\/b><\/p>\t\t\t\t\t\t<\/div>\n\t\t\t\t<\/div>\n\t\t\t\t\t<\/div>\n\t\t<\/div>\n\t\t\t\t\t\t\t<\/div>\n\t\t<\/section>\n\t\t\t\t<section class=\"elementor-section elementor-top-section elementor-element elementor-element-c4a3566 elementor-section-boxed elementor-section-height-default elementor-section-height-default\" data-id=\"c4a3566\" data-element_type=\"section\">\n\t\t\t\t\t\t<div class=\"elementor-container elementor-column-gap-default\">\n\t\t\t\t\t<div class=\"elementor-column elementor-col-100 elementor-top-column elementor-element elementor-element-b022bea\" data-id=\"b022bea\" data-element_type=\"column\">\n\t\t\t<div class=\"elementor-widget-wrap elementor-element-populated\">\n\t\t\t\t\t\t\t\t<div class=\"elementor-element elementor-element-a8c49f9 elementor-widget elementor-widget-spacer\" data-id=\"a8c49f9\" data-element_type=\"widget\" data-widget_type=\"spacer.default\">\n\t\t\t\t<div class=\"elementor-widget-container\">\n\t\t\t<style>\/*! elementor - v3.14.0 - 26-06-2023 *\/\n.elementor-column .elementor-spacer-inner{height:var(--spacer-size)}.e-con{--container-widget-width:100%}.e-con-inner>.elementor-widget-spacer,.e-con>.elementor-widget-spacer{width:var(--container-widget-width,var(--spacer-size));--align-self:var(--container-widget-align-self,initial);--flex-shrink:0}.e-con-inner>.elementor-widget-spacer>.elementor-widget-container,.e-con-inner>.elementor-widget-spacer>.elementor-widget-container>.elementor-spacer,.e-con>.elementor-widget-spacer>.elementor-widget-container,.e-con>.elementor-widget-spacer>.elementor-widget-container>.elementor-spacer{height:100%}.e-con-inner>.elementor-widget-spacer>.elementor-widget-container>.elementor-spacer>.elementor-spacer-inner,.e-con>.elementor-widget-spacer>.elementor-widget-container>.elementor-spacer>.elementor-spacer-inner{height:var(--container-widget-height,var(--spacer-size))}<\/style>\t\t<div class=\"elementor-spacer\">\n\t\t\t<div class=\"elementor-spacer-inner\"><\/div>\n\t\t<\/div>\n\t\t\t\t<\/div>\n\t\t\t\t<\/div>\n\t\t\t\t\t<\/div>\n\t\t<\/div>\n\t\t\t\t\t\t\t<\/div>\n\t\t<\/section>\n\t\t\t\t\t\t\t<\/div>\n\t\t","protected":false},"excerpt":{"rendered":"<p>Ma\u00eetrisez vos co\u00fbts de production avec des v\u00eatements confectionn\u00e9s \u00e0 Marseille et \u00ab\u00a0teints en plong\u00e9e\u00a0\u00bb coming soon Nous travaillons \u00e0 la construction du site ANTHO, fabricant de v\u00eatements en coton pr\u00eat-\u00e0-teindre N&rsquo;h\u00e9sitez pas \u00e0 nous contacter au 04 91 42 07 88<\/p>\n","protected":false},"author":1,"featured_media":0,"parent":0,"menu_order":0,"comment_status":"closed","ping_status":"open","template":"elementor_header_footer","meta":{"footnotes":""},"class_list":["post-2","page","type-page","status-publish","hentry"],"yoast_head":"<!-- This site is optimized with the Yoast SEO plugin v20.10 - https:\/\/yoast.com\/wordpress\/plugins\/seo\/ -->\n<title>Accueil - ANTHO<\/title>\n<meta name=\"robots\" content=\"index, follow, max-snippet:-1, max-image-preview:large, max-video-preview:-1\" \/>\n<link rel=\"canonical\" href=\"https:\/\/antho-mode.fr\/\" \/>\n<meta property=\"og:locale\" content=\"fr_FR\" \/>\n<meta property=\"og:type\" content=\"article\" \/>\n<meta property=\"og:title\" content=\"Accueil - ANTHO\" \/>\n<meta property=\"og:description\" content=\"Ma\u00eetrisez vos co\u00fbts de production avec des v\u00eatements confectionn\u00e9s \u00e0 Marseille et \u00ab\u00a0teints en plong\u00e9e\u00a0\u00bb coming soon Nous travaillons \u00e0 la construction du site ANTHO, fabricant de v\u00eatements en coton pr\u00eat-\u00e0-teindre N&rsquo;h\u00e9sitez pas \u00e0 nous contacter au 04 91 42 07 88\" \/>\n<meta property=\"og:url\" content=\"https:\/\/antho-mode.fr\/\" \/>\n<meta property=\"og:site_name\" content=\"ANTHO\" \/>\n<meta property=\"article:modified_time\" content=\"2023-12-18T16:21:04+00:00\" \/>\n<meta property=\"og:image\" content=\"https:\/\/antho-mode.fr\/wp-content\/uploads\/2022\/06\/pantalon-pat-vert-40-face-4.jpeg\" \/>\n<meta name=\"twitter:card\" content=\"summary_large_image\" \/>\n<script type=\"application\/ld+json\" class=\"yoast-schema-graph\">{\"@context\":\"https:\/\/schema.org\",\"@graph\":[{\"@type\":\"WebPage\",\"@id\":\"https:\/\/antho-mode.fr\/\",\"url\":\"https:\/\/antho-mode.fr\/\",\"name\":\"Accueil - ANTHO\",\"isPartOf\":{\"@id\":\"https:\/\/antho-mode.fr\/#website\"},\"datePublished\":\"2022-06-20T17:01:46+00:00\",\"dateModified\":\"2023-12-18T16:21:04+00:00\",\"inLanguage\":\"fr-FR\",\"potentialAction\":[{\"@type\":\"ReadAction\",\"target\":[\"https:\/\/antho-mode.fr\/\"]}]},{\"@type\":\"WebSite\",\"@id\":\"https:\/\/antho-mode.fr\/#website\",\"url\":\"https:\/\/antho-mode.fr\/\",\"name\":\"ANTHO\",\"description\":\"V\u00eatements en pr\u00eat-\u00e0-teindre\",\"publisher\":{\"@id\":\"https:\/\/antho-mode.fr\/#organization\"},\"potentialAction\":[{\"@type\":\"SearchAction\",\"target\":{\"@type\":\"EntryPoint\",\"urlTemplate\":\"https:\/\/antho-mode.fr\/?s={search_term_string}\"},\"query-input\":\"required name=search_term_string\"}],\"inLanguage\":\"fr-FR\"},{\"@type\":\"Organization\",\"@id\":\"https:\/\/antho-mode.fr\/#organization\",\"name\":\"ANTHO\",\"url\":\"https:\/\/antho-mode.fr\/\",\"logo\":{\"@type\":\"ImageObject\",\"inLanguage\":\"fr-FR\",\"@id\":\"https:\/\/antho-mode.fr\/#\/schema\/logo\/image\/\",\"url\":\"https:\/\/antho-mode.fr\/wp-content\/uploads\/2022\/06\/logo-antho@2x.png\",\"contentUrl\":\"https:\/\/antho-mode.fr\/wp-content\/uploads\/2022\/06\/logo-antho@2x.png\",\"width\":459,\"height\":156,\"caption\":\"ANTHO\"},\"image\":{\"@id\":\"https:\/\/antho-mode.fr\/#\/schema\/logo\/image\/\"}}]}<\/script>\n<!-- \/ Yoast SEO plugin. -->","yoast_head_json":{"title":"Accueil - ANTHO","robots":{"index":"index","follow":"follow","max-snippet":"max-snippet:-1","max-image-preview":"max-image-preview:large","max-video-preview":"max-video-preview:-1"},"canonical":"https:\/\/antho-mode.fr\/","og_locale":"fr_FR","og_type":"article","og_title":"Accueil - ANTHO","og_description":"Ma\u00eetrisez vos co\u00fbts de production avec des v\u00eatements confectionn\u00e9s \u00e0 Marseille et \u00ab\u00a0teints en plong\u00e9e\u00a0\u00bb coming soon Nous travaillons \u00e0 la construction du site ANTHO, fabricant de v\u00eatements en coton pr\u00eat-\u00e0-teindre N&rsquo;h\u00e9sitez pas \u00e0 nous contacter au 04 91 42 07 88","og_url":"https:\/\/antho-mode.fr\/","og_site_name":"ANTHO","article_modified_time":"2023-12-18T16:21:04+00:00","og_image":[{"url":"https:\/\/antho-mode.fr\/wp-content\/uploads\/2022\/06\/pantalon-pat-vert-40-face-4.jpeg"}],"twitter_card":"summary_large_image","schema":{"@context":"https:\/\/schema.org","@graph":[{"@type":"WebPage","@id":"https:\/\/antho-mode.fr\/","url":"https:\/\/antho-mode.fr\/","name":"Accueil - ANTHO","isPartOf":{"@id":"https:\/\/antho-mode.fr\/#website"},"datePublished":"2022-06-20T17:01:46+00:00","dateModified":"2023-12-18T16:21:04+00:00","inLanguage":"fr-FR","potentialAction":[{"@type":"ReadAction","target":["https:\/\/antho-mode.fr\/"]}]},{"@type":"WebSite","@id":"https:\/\/antho-mode.fr\/#website","url":"https:\/\/antho-mode.fr\/","name":"ANTHO","description":"V\u00eatements en pr\u00eat-\u00e0-teindre","publisher":{"@id":"https:\/\/antho-mode.fr\/#organization"},"potentialAction":[{"@type":"SearchAction","target":{"@type":"EntryPoint","urlTemplate":"https:\/\/antho-mode.fr\/?s={search_term_string}"},"query-input":"required name=search_term_string"}],"inLanguage":"fr-FR"},{"@type":"Organization","@id":"https:\/\/antho-mode.fr\/#organization","name":"ANTHO","url":"https:\/\/antho-mode.fr\/","logo":{"@type":"ImageObject","inLanguage":"fr-FR","@id":"https:\/\/antho-mode.fr\/#\/schema\/logo\/image\/","url":"https:\/\/antho-mode.fr\/wp-content\/uploads\/2022\/06\/logo-antho@2x.png","contentUrl":"https:\/\/antho-mode.fr\/wp-content\/uploads\/2022\/06\/logo-antho@2x.png","width":459,"height":156,"caption":"ANTHO"},"image":{"@id":"https:\/\/antho-mode.fr\/#\/schema\/logo\/image\/"}}]}},"_links":{"self":[{"href":"https:\/\/antho-mode.fr\/index.php\/wp-json\/wp\/v2\/pages\/2","targetHints":{"allow":["GET"]}}],"collection":[{"href":"https:\/\/antho-mode.fr\/index.php\/wp-json\/wp\/v2\/pages"}],"about":[{"href":"https:\/\/antho-mode.fr\/index.php\/wp-json\/wp\/v2\/types\/page"}],"author":[{"embeddable":true,"href":"https:\/\/antho-mode.fr\/index.php\/wp-json\/wp\/v2\/users\/1"}],"replies":[{"embeddable":true,"href":"https:\/\/antho-mode.fr\/index.php\/wp-json\/wp\/v2\/comments?post=2"}],"version-history":[{"count":9,"href":"https:\/\/antho-mode.fr\/index.php\/wp-json\/wp\/v2\/pages\/2\/revisions"}],"predecessor-version":[{"id":62,"href":"https:\/\/antho-mode.fr\/index.php\/wp-json\/wp\/v2\/pages\/2\/revisions\/62"}],"wp:attachment":[{"href":"https:\/\/antho-mode.fr\/index.php\/wp-json\/wp\/v2\/media?parent=2"}],"curies":[{"name":"wp","href":"https:\/\/api.w.org\/{rel}","templated":true}]}}